{"id":489,"date":"2026-01-16T09:40:44","date_gmt":"2026-01-16T09:40:44","guid":{"rendered":"https:\/\/dred.ro\/?page_id=489"},"modified":"2026-01-18T09:43:58","modified_gmt":"2026-01-18T09:43:58","slug":"politica-de-confidentialitate","status":"publish","type":"page","link":"https:\/\/dred.ro\/index.php\/politica-de-confidentialitate\/","title":{"rendered":"Politica de confiden\u021bialitate"},"content":{"rendered":"<p>[et_pb_section fb_built=&#8221;1&#8243; admin_label=&#8221;Header&#8221; _builder_version=&#8221;4.22.1&#8243; _module_preset=&#8221;default&#8221; locked=&#8221;off&#8221; collapsed=&#8221;on&#8221; global_colors_info=&#8221;{}&#8221;][et_pb_row _builder_version=&#8221;4.22.1&#8243; _module_preset=&#8221;default&#8221; background_color=&#8221;gcid-d2f7d5ae-cc39-41f1-9136-c1002bc0f33e&#8221; background_image=&#8221;https:\/\/dred.ro\/wp-content\/uploads\/2025\/10\/dentist-office-background-03.png&#8221; background_position=&#8221;top_left&#8221; max_width=&#8221;1280px&#8221; custom_padding=&#8221;5vw|5vw|5vw|5vw|true|true&#8221; border_radii=&#8221;on|20px|20px|20px|20px&#8221; global_colors_info=&#8221;{%22gcid-d2f7d5ae-cc39-41f1-9136-c1002bc0f33e%22:%91%22background_color%22%93}&#8221;][et_pb_column type=&#8221;4_4&#8243; _builder_version=&#8221;4.22.1&#8243; _module_preset=&#8221;default&#8221; global_colors_info=&#8221;{}&#8221;][et_pb_text _builder_version=&#8221;4.22.1&#8243; _module_preset=&#8221;db007814-0a28-4925-9187-2aba8f5b9e69&#8243; text_orientation=&#8221;center&#8221; custom_margin=&#8221;||10px||false|false&#8221; global_colors_info=&#8221;{}&#8221;]<\/p>\n<h1>Politica de Confiden\u021bialitate<\/h1>\n<p>[\/et_pb_text][et_pb_button button_url=&#8221;https:\/\/dred.ro\/index.php\/contact\/&#8221; button_text=&#8221;Programeaz\u0103-te&#8221; button_alignment=&#8221;center&#8221; _builder_version=&#8221;4.27.5&#8243; _module_preset=&#8221;d2923767-83c2-48db-8cde-6bde4141845a&#8221; global_colors_info=&#8221;{}&#8221;][\/et_pb_button][\/et_pb_column][\/et_pb_row][\/et_pb_section][et_pb_section fb_built=&#8221;1&#8243; admin_label=&#8221;Services&#8221; _builder_version=&#8221;4.22.1&#8243; _module_preset=&#8221;default&#8221; locked=&#8221;off&#8221; collapsed=&#8221;on&#8221; global_colors_info=&#8221;{}&#8221;][et_pb_row make_equal=&#8221;on&#8221; _builder_version=&#8221;4.22.1&#8243; _module_preset=&#8221;default&#8221; global_colors_info=&#8221;{}&#8221;][et_pb_column type=&#8221;4_4&#8243; _builder_version=&#8221;4.22.1&#8243; _module_preset=&#8221;default&#8221; background_color=&#8221;gcid-924bddf2-c0ef-4ef9-b028-8630e1b50bab&#8221; custom_padding=&#8221;40px|40px|40px|40px|true|true&#8221; custom_padding_tablet=&#8221;30px|30px|30px|30px|true|true&#8221; custom_padding_phone=&#8221;20px|20px|20px|20px|true|true&#8221; custom_padding_last_edited=&#8221;on|desktop&#8221; border_radii=&#8221;on|10px|10px|10px|10px&#8221; global_colors_info=&#8221;{%22gcid-924bddf2-c0ef-4ef9-b028-8630e1b50bab%22:%91%22background_color%22%93}&#8221;][et_pb_text _builder_version=&#8221;4.27.5&#8243; _module_preset=&#8221;ce0e8ef3-f0dd-43e7-85fe-5f325d9e2081&#8243; text_orientation=&#8221;center&#8221; custom_padding=&#8221;||0px|||&#8221; global_colors_info=&#8221;{}&#8221;]<\/p>\n<h3 style=\"text-align: left;\">\u00a0 \u00a0 \u00a0 \u00a0 \u00a0 \u00a0 \u00a0 \u00a0 Politica de confiden\u021bialitate \u0219i prelucrarea datelor cu caracter personal (GDPR)<\/h3>\n<p style=\"text-align: left;\">Aceast\u0103 politic\u0103 se aplic\u0103 utilizatorilor site\u2011ului dred.ro \u0219i descrie modul \u00een care sunt colectate \u0219i prelucrate datele personale prin formularul de programare, \u00een conformitate cu Regulamentul (UE) 2016\/679 (GDPR).<\/p>\n<p>&nbsp;<\/p>\n<h4 style=\"text-align: left;\">Cine este operatorul?<\/h4>\n<div style=\"text-align: left;\"><\/div>\n<div style=\"text-align: left;\">Operatorul datelor este cabinetul\/entitatea care administreaz\u0103 site\u2011ul dred.ro (denumit \u00een continuare \u201eOperatorul\u201d).<\/div>\n<div style=\"text-align: left;\">Utilizatorii ne pot contacta pentru orice aspect legat de protec\u021bia datelor la adresa de e\u2011mail: email-ul t\u0103u de contact \u0219i, dup\u0103 caz, la num\u0103rul de telefon afi\u0219at pe site.<\/div>\n<div style=\"text-align: left;\">Ce date colect\u0103m<\/div>\n<div style=\"text-align: left;\">Prin formularul de programare colect\u0103m urm\u0103toarele date personale:<\/div>\n<div style=\"text-align: left;\"><span class=\"Apple-tab-span\"> <\/span>\u2022<span class=\"Apple-tab-span\"> <\/span>Nume \u0219i prenume<\/div>\n<div style=\"text-align: left;\"><span class=\"Apple-tab-span\"> <\/span>\u2022<span class=\"Apple-tab-span\"> <\/span>Num\u0103r de telefon<\/div>\n<div style=\"text-align: left;\"><span class=\"Apple-tab-span\"> <\/span>\u2022<span class=\"Apple-tab-span\"> <\/span>Preferin\u021be privind ziua \u0219i ora program\u0103rii<\/div>\n<div style=\"text-align: left;\">Aceste date sunt furnizate direct de utilizator atunci c\u00e2nd completeaz\u0103 formularul de programare de pe site.<\/div>\n<h4 style=\"text-align: left;\">Scopul \u0219i temeiul juridic al prelucr\u0103rii:<\/h4>\n<div style=\"text-align: left;\">Datele sunt prelucrate \u00een urm\u0103toarele scopuri:<\/div>\n<div style=\"text-align: left;\"><span class=\"Apple-tab-span\"> <\/span>\u2022<span class=\"Apple-tab-span\"> <\/span>gestionarea, confirmarea \u0219i, dac\u0103 este cazul, reprogramarea vizitelor;<\/div>\n<div style=\"text-align: left;\"><span class=\"Apple-tab-span\"> <\/span>\u2022<span class=\"Apple-tab-span\"> <\/span>trimiterea de mesaje text (SMS) de confirmare \u0219i reamintire a program\u0103rilor;<\/div>\n<div style=\"text-align: left;\"><span class=\"Apple-tab-span\"> <\/span>\u2022<span class=\"Apple-tab-span\"> <\/span>comunicarea informa\u021biilor legate de programarea efectuat\u0103 sau de serviciile solicitate.<\/div>\n<div>\n<div style=\"text-align: left;\">Temeiurile legale sunt:<\/div>\n<div style=\"text-align: left;\"><span class=\"Apple-tab-span\"> <\/span>\u2022<span class=\"Apple-tab-span\"> <\/span>art. 6 alin. (1) lit. b) GDPR \u2013 prelucrarea este necesar\u0103 pentru a r\u0103spunde solicit\u0103rii utilizatorului (realizarea program\u0103rii);<\/div>\n<div style=\"text-align: left;\"><span class=\"Apple-tab-span\"> <\/span>\u2022<span class=\"Apple-tab-span\"> <\/span>art. 6 alin. (1) lit. a) GDPR \u2013 consim\u021b\u0103m\u00e2ntul expres pentru primirea mesajelor SMS de confirmare \u0219i reamintire a program\u0103rilor.<\/div>\n<div style=\"text-align: left;\">Prin trimiterea formularului \u0219i bifarea c\u0103su\u021bei de acord, utilizatorul \u00ee\u0219i exprim\u0103 consim\u021b\u0103m\u00e2ntul pentru prelucrarea datelor \u0219i primirea mesajelor SMS la num\u0103rul furnizat.<\/div>\n<div style=\"text-align: left;\">Mesaje SMS \u0219i retragerea consim\u021b\u0103m\u00e2ntului:<\/div>\n<div style=\"text-align: left;\">Utilizatorii se \u00eenscriu pentru a primi mesaje text (SMS) referitoare la:<\/div>\n<div style=\"text-align: left;\"><span class=\"Apple-tab-span\"> <\/span>\u2022<span class=\"Apple-tab-span\"> <\/span>confirmarea program\u0103rilor;<\/div>\n<div style=\"text-align: left;\"><span class=\"Apple-tab-span\"> <\/span>\u2022<span class=\"Apple-tab-span\"> <\/span>reamintirea program\u0103rilor;<\/div>\n<div style=\"text-align: left;\"><span class=\"Apple-tab-span\"> <\/span>\u2022<span class=\"Apple-tab-span\"> <\/span>eventuale modific\u0103ri ale program\u0103rilor.<\/div>\n<div style=\"text-align: left;\"><\/div>\n<div>\n<div style=\"text-align: left;\">Consim\u021b\u0103m\u00e2ntul pentru primirea mesajelor SMS poate fi retras \u00een orice moment, prin contactarea Operatorului la adresa de e\u2011mail indicat\u0103 pe site; retragerea consim\u021b\u0103m\u00e2ntului nu afecteaz\u0103 legalitatea prelucr\u0103rii realizate \u00eenainte de retragere.<\/div>\n<div style=\"text-align: left;\">Durata stoc\u0103rii datelor<\/div>\n<div style=\"text-align: left;\">Datele personale sunt p\u0103strate doar pe perioada necesar\u0103 pentru:<\/div>\n<div style=\"text-align: left;\"><span class=\"Apple-tab-span\"> <\/span>\u2022<span class=\"Apple-tab-span\"> <\/span>gestionarea program\u0103rii \u0219i comunic\u0103rile aferente;<\/div>\n<div style=\"text-align: left;\"><span class=\"Apple-tab-span\"> <\/span>\u2022<span class=\"Apple-tab-span\"> <\/span>\u00eendeplinirea eventualelor obliga\u021bii legale aplicabile (de ex. termene de arhivare, dac\u0103 este cazul).<\/div>\n<div style=\"text-align: left;\">Dup\u0103 expirarea acestor perioade, datele vor fi \u0219terse sau anonimizate, astfel \u00eenc\u00e2t s\u0103 nu mai poat\u0103 fi asociate cu o persoan\u0103 identificat\u0103 sau identificabil\u0103.<\/div>\n<div style=\"text-align: left;\">Destinatarii datelor:<\/div>\n<div style=\"text-align: left;\">Datele nu sunt v\u00e2ndute sau \u00eenchiriate c\u0103tre ter\u021bi.<\/div>\n<div style=\"text-align: left;\"><\/div>\n<div style=\"text-align: left;\"><\/div>\n<div>\n<div style=\"text-align: left;\">Securitatea datelor<\/div>\n<div style=\"text-align: left;\">Operatorul aplic\u0103 m\u0103suri tehnice \u0219i organizatorice adecvate pentru a proteja datele personale \u00eempotriva accesului neautorizat, pierderii, modific\u0103rii sau divulg\u0103rii neautorizate, \u021bin\u00e2nd cont de nivelul de risc \u0219i de natura datelor prelucrate.<\/div>\n<div style=\"text-align: left;\">Drepturile utilizatorilor<\/div>\n<div style=\"text-align: left;\">\u00cen conformitate cu GDPR, utilizatorii au urm\u0103toarele drepturi \u00een leg\u0103tur\u0103 cu datele lor personale:<\/div>\n<div style=\"text-align: left;\"><span class=\"Apple-tab-span\"> <\/span>\u2022<span class=\"Apple-tab-span\"> <\/span>dreptul de acces la date;<\/div>\n<div style=\"text-align: left;\"><span class=\"Apple-tab-span\"> <\/span>\u2022<span class=\"Apple-tab-span\"> <\/span>dreptul la rectificare (corectarea datelor inexacte sau completarea celor incomplete);<\/div>\n<div style=\"text-align: left;\"><span class=\"Apple-tab-span\"> <\/span>\u2022<span class=\"Apple-tab-span\"> <\/span>dreptul la \u0219tergere (\u201edreptul de a fi uitat\u201d), \u00een condi\u021biile prev\u0103zute de lege;<\/div>\n<div style=\"text-align: left;\"><span class=\"Apple-tab-span\"> <\/span>\u2022<span class=\"Apple-tab-span\"> <\/span>dreptul la restric\u021bionarea prelucr\u0103rii;<\/div>\n<div style=\"text-align: left;\"><span class=\"Apple-tab-span\"> <\/span>\u2022<span class=\"Apple-tab-span\"> <\/span>dreptul la opozi\u021bie fa\u021b\u0103 de anumite tipuri de prelucrare;<\/div>\n<div style=\"text-align: left;\"><span class=\"Apple-tab-span\"> <\/span>\u2022<span class=\"Apple-tab-span\"> <\/span>dreptul la portabilitatea datelor, \u00een cazurile prev\u0103zute de GDPR;<\/div>\n<div style=\"text-align: left;\"><span class=\"Apple-tab-span\"> <\/span>\u2022<span class=\"Apple-tab-span\"> <\/span>dreptul de a retrage consim\u021b\u0103m\u00e2ntul pentru mesajele SMS, \u00een orice moment;<\/div>\n<div style=\"text-align: left;\"><span class=\"Apple-tab-span\"> <\/span>\u2022<span class=\"Apple-tab-span\"> <\/span>dreptul de a depune o pl\u00e2ngere la Autoritatea Na\u021bional\u0103 de Supraveghere a Prelucr\u0103rii Datelor cu Caracter Personal (ANSPDCP).<\/div>\n<div style=\"text-align: left;\">Pentru exercitarea acestor drepturi, utilizatorii pot transmite o solicitare la adresa de e\u2011mail: dr.eduard.constantin@gmail.com.<\/div>\n<div style=\"text-align: left;\">Actualizarea politicii<\/div>\n<div style=\"text-align: left;\">Aceast\u0103 politic\u0103 de confiden\u021bialitate poate fi modificat\u0103 sau actualizat\u0103 periodic.<br \/>Versiunea actualizat\u0103 va fi publicat\u0103 pe site \u0219i va fi aplicabil\u0103 din momentul afi\u0219\u0103rii sale.<\/div>\n<\/div>\n<\/div>\n<\/div>\n<p>[\/et_pb_text][\/et_pb_column][\/et_pb_row][\/et_pb_section][et_pb_section fb_built=&#8221;1&#8243; admin_label=&#8221;Footer&#8221; _builder_version=&#8221;4.22.1&#8243; _module_preset=&#8221;default&#8221; background_color=&#8221;gcid-b58e2385-d7f3-4b8c-8c82-a83e7d966eb3&#8243; saved_tabs=&#8221;all&#8221; collapsed=&#8221;on&#8221; global_colors_info=&#8221;{%22gcid-b58e2385-d7f3-4b8c-8c82-a83e7d966eb3%22:%91%22background_color%22%93}&#8221;][et_pb_row column_structure=&#8221;1_2,1_2&#8243; _builder_version=&#8221;4.22.1&#8243; _module_preset=&#8221;default&#8221; global_colors_info=&#8221;{}&#8221; theme_builder_area=&#8221;post_content&#8221;][et_pb_column type=&#8221;1_2&#8243; _builder_version=&#8221;4.22.1&#8243; _module_preset=&#8221;default&#8221; global_colors_info=&#8221;{}&#8221; theme_builder_area=&#8221;post_content&#8221;][et_pb_image src=&#8221;https:\/\/dred.ro\/wp-content\/uploads\/2025\/10\/dentist-office-illustration-03@2x.png&#8221; title_text=&#8221;dentist-office-illustration-03@2x&#8221; _builder_version=&#8221;4.22.1&#8243; _module_preset=&#8221;default&#8221; transform_translate=&#8221;-50%|-18%&#8221; transform_translate_linked=&#8221;off&#8221; positioning=&#8221;absolute&#8221; width=&#8221;100%&#8221; max_height=&#8221;400px&#8221; global_colors_info=&#8221;{}&#8221; theme_builder_area=&#8221;post_content&#8221;][\/et_pb_image][et_pb_text _builder_version=&#8221;4.27.5&#8243; _module_preset=&#8221;26c0757d-7dff-4aa9-bc16-b9b09655d015&#8243; header_4_text_color=&#8221;#FFFFFF&#8221; custom_margin=&#8221;||10px||false|false&#8221; global_colors_info=&#8221;{}&#8221; theme_builder_area=&#8221;post_content&#8221;]<\/p>\n<h4>Program<\/h4>\n<p>[\/et_pb_text][et_pb_text _builder_version=&#8221;4.27.5&#8243; _module_preset=&#8221;default&#8221; text_text_color=&#8221;#FFFFFF&#8221; link_text_color=&#8221;#FFFFFF&#8221; custom_margin=&#8221;||10px||false|false&#8221; global_colors_info=&#8221;{}&#8221; theme_builder_area=&#8221;post_content&#8221;]<\/p>\n<p>Luni | 9:00 &#8211; 20:00<\/p>\n<p>[\/et_pb_text][et_pb_text _builder_version=&#8221;4.22.1&#8243; _module_preset=&#8221;default&#8221; text_text_color=&#8221;#FFFFFF&#8221; link_text_color=&#8221;#FFFFFF&#8221; custom_margin=&#8221;||10px||false|false&#8221; global_colors_info=&#8221;{}&#8221; theme_builder_area=&#8221;post_content&#8221;]<\/p>\n<p>Mar\u021bi | 9:00 &#8211; 20:00<\/p>\n<p>[\/et_pb_text][et_pb_text _builder_version=&#8221;4.22.1&#8243; _module_preset=&#8221;default&#8221; text_text_color=&#8221;#FFFFFF&#8221; link_text_color=&#8221;#FFFFFF&#8221; custom_margin=&#8221;||10px||false|false&#8221; global_colors_info=&#8221;{}&#8221; theme_builder_area=&#8221;post_content&#8221;]<\/p>\n<p>Miercuri | 9:00 &#8211; 20:00<\/p>\n<p>[\/et_pb_text][et_pb_text _builder_version=&#8221;4.22.1&#8243; _module_preset=&#8221;default&#8221; text_text_color=&#8221;#FFFFFF&#8221; link_text_color=&#8221;#FFFFFF&#8221; custom_margin=&#8221;||10px||false|false&#8221; global_colors_info=&#8221;{}&#8221; theme_builder_area=&#8221;post_content&#8221;]<\/p>\n<p>Joi | 9:00 &#8211; 20:00<\/p>\n<p>[\/et_pb_text][et_pb_text _builder_version=&#8221;4.22.1&#8243; _module_preset=&#8221;default&#8221; text_text_color=&#8221;#FFFFFF&#8221; link_text_color=&#8221;#FFFFFF&#8221; custom_margin=&#8221;||10px||false|false&#8221; global_colors_info=&#8221;{}&#8221; theme_builder_area=&#8221;post_content&#8221;]<\/p>\n<p>Vineri | 9:00 &#8211; 14:00pm<\/p>\n<p>[\/et_pb_text][et_pb_text _builder_version=&#8221;4.22.1&#8243; _module_preset=&#8221;default&#8221; text_text_color=&#8221;#FFFFFF&#8221; link_text_color=&#8221;#FFFFFF&#8221; custom_margin=&#8221;||10px||false|false&#8221; global_colors_info=&#8221;{}&#8221; theme_builder_area=&#8221;post_content&#8221;]<\/p>\n<p>S\u00e2mb\u0103t\u0103 | \u00eenchis<\/p>\n<p>[\/et_pb_text][et_pb_text _builder_version=&#8221;4.22.1&#8243; _module_preset=&#8221;default&#8221; text_text_color=&#8221;#FFFFFF&#8221; link_text_color=&#8221;#FFFFFF&#8221; custom_margin=&#8221;||10px||false|false&#8221; global_colors_info=&#8221;{}&#8221; theme_builder_area=&#8221;post_content&#8221;]<\/p>\n<p>Duminica | \u00eenchis<\/p>\n<p>[\/et_pb_text][\/et_pb_column][et_pb_column type=&#8221;1_2&#8243; _builder_version=&#8221;4.22.1&#8243; _module_preset=&#8221;default&#8221; global_colors_info=&#8221;{}&#8221; theme_builder_area=&#8221;post_content&#8221;][et_pb_text _builder_version=&#8221;4.22.1&#8243; _module_preset=&#8221;26c0757d-7dff-4aa9-bc16-b9b09655d015&#8243; header_4_text_color=&#8221;#FFFFFF&#8221; custom_margin=&#8221;||10px||false|false&#8221; global_colors_info=&#8221;{}&#8221; theme_builder_area=&#8221;post_content&#8221;]<\/p>\n<h4>Contact<\/h4>\n<p>[\/et_pb_text][et_pb_text _builder_version=&#8221;4.27.5&#8243; _module_preset=&#8221;default&#8221; text_text_color=&#8221;#FFFFFF&#8221; link_text_color=&#8221;#FFFFFF&#8221; custom_margin=&#8221;||10px||false|false&#8221; global_colors_info=&#8221;{}&#8221; theme_builder_area=&#8221;post_content&#8221;]<\/p>\n<p>Strada Louis Blanc nr. 18-20, \u00een incinta Clinicii Confident<\/p>\n<p>[\/et_pb_text][et_pb_text _builder_version=&#8221;4.27.5&#8243; _module_preset=&#8221;default&#8221; text_text_color=&#8221;#FFFFFF&#8221; link_text_color=&#8221;#FFFFFF&#8221; custom_margin=&#8221;||10px||false|false&#8221; global_colors_info=&#8221;{}&#8221; theme_builder_area=&#8221;post_content&#8221;]<\/p>\n<p>dr.eduard.constantin@gmail.com<\/p>\n<p>[\/et_pb_text][et_pb_social_media_follow _builder_version=&#8221;4.27.5&#8243; _module_preset=&#8221;default&#8221; custom_margin=&#8221;30px||||false|false&#8221; border_radii=&#8221;on|100px|100px|100px|100px&#8221; border_width_all=&#8221;1px&#8221; border_color_all=&#8221;#FFFFFF&#8221; global_colors_info=&#8221;{}&#8221; theme_builder_area=&#8221;post_content&#8221;][et_pb_social_media_follow_network social_network=&#8221;facebook&#8221; _builder_version=&#8221;4.22.1&#8243; _module_preset=&#8221;default&#8221; custom_padding=&#8221;4px|4px|4px|4px|true|true&#8221; global_colors_info=&#8221;{}&#8221; theme_builder_area=&#8221;post_content&#8221; follow_button=&#8221;off&#8221; url_new_window=&#8221;on&#8221;]facebook[\/et_pb_social_media_follow_network][et_pb_social_media_follow_network social_network=&#8221;instagram&#8221; _builder_version=&#8221;4.22.1&#8243; _module_preset=&#8221;default&#8221; custom_padding=&#8221;4px|4px|4px|4px|true|true&#8221; global_colors_info=&#8221;{}&#8221; theme_builder_area=&#8221;post_content&#8221; follow_button=&#8221;off&#8221; url_new_window=&#8221;on&#8221;]instagram[\/et_pb_social_media_follow_network][\/et_pb_social_media_follow][\/et_pb_column][\/et_pb_row][et_pb_row _builder_version=&#8221;4.22.1&#8243; _module_preset=&#8221;default&#8221; border_color_all=&#8221;rgba(255,255,255,0.2)&#8221; border_width_top=&#8221;1px&#8221; global_colors_info=&#8221;{}&#8221;][et_pb_column type=&#8221;4_4&#8243; _builder_version=&#8221;4.22.1&#8243; _module_preset=&#8221;default&#8221; global_colors_info=&#8221;{}&#8221;][et_pb_text _builder_version=&#8221;4.27.5&#8243; _dynamic_attributes=&#8221;content&#8221; _module_preset=&#8221;ce0e8ef3-f0dd-43e7-85fe-5f325d9e2081&#8243; text_text_color=&#8221;#FFFFFF&#8221; hover_enabled=&#8221;0&#8243; global_colors_info=&#8221;{}&#8221; sticky_enabled=&#8221;0&#8243;]@ET-DC@eyJkeW5hbWljIjp0cnVlLCJjb250ZW50IjoiY3VycmVudF9kYXRlIiwic2V0dGluZ3MiOnsiYmVmb3JlIjoiQ29weXJpZ2h0ICZjb3B5OyAiLCJhZnRlciI6IiBEckVELnJvIC4gQWxsIFJpZ2h0cyBSZXNlcnZlZC4iLCJkYXRlX2Zvcm1hdCI6ImN1c3RvbSIsImN1c3RvbV9kYXRlX2Zvcm1hdCI6IlkifX0=@[\/et_pb_text][\/et_pb_column][\/et_pb_row][\/et_pb_section]<\/p>\n","protected":false},"excerpt":{"rendered":"<p>Politica de Confiden\u021bialitate\u00a0 \u00a0 \u00a0 \u00a0 \u00a0 \u00a0 \u00a0 \u00a0 Politica de confiden\u021bialitate \u0219i prelucrarea datelor cu caracter personal (GDPR) Aceast\u0103 politic\u0103 se aplic\u0103 utilizatorilor site\u2011ului dred.ro \u0219i descrie modul \u00een care sunt colectate \u0219i prelucrate datele personale prin formularul de programare, \u00een conformitate cu Regulamentul (UE) 2016\/679 (GDPR). &nbsp; Cine este operatorul? Operatorul datelor [&hellip;]<\/p>\n","protected":false},"author":1,"featured_media":0,"parent":0,"menu_order":0,"comment_status":"closed","ping_status":"closed","template":"","meta":{"_et_pb_use_builder":"on","_et_pb_old_content":"","_et_gb_content_width":"","_monsterinsights_skip_tracking":false,"_monsterinsights_sitenote_active":false,"_monsterinsights_sitenote_note":"","_monsterinsights_sitenote_category":0,"footnotes":""},"class_list":["post-489","page","type-page","status-publish","hentry"],"_links":{"self":[{"href":"https:\/\/dred.ro\/index.php\/wp-json\/wp\/v2\/pages\/489","targetHints":{"allow":["GET"]}}],"collection":[{"href":"https:\/\/dred.ro\/index.php\/wp-json\/wp\/v2\/pages"}],"about":[{"href":"https:\/\/dred.ro\/index.php\/wp-json\/wp\/v2\/types\/page"}],"author":[{"embeddable":true,"href":"https:\/\/dred.ro\/index.php\/wp-json\/wp\/v2\/users\/1"}],"replies":[{"embeddable":true,"href":"https:\/\/dred.ro\/index.php\/wp-json\/wp\/v2\/comments?post=489"}],"version-history":[{"count":5,"href":"https:\/\/dred.ro\/index.php\/wp-json\/wp\/v2\/pages\/489\/revisions"}],"predecessor-version":[{"id":501,"href":"https:\/\/dred.ro\/index.php\/wp-json\/wp\/v2\/pages\/489\/revisions\/501"}],"wp:attachment":[{"href":"https:\/\/dred.ro\/index.php\/wp-json\/wp\/v2\/media?parent=489"}],"curies":[{"name":"wp","href":"https:\/\/api.w.org\/{rel}","templated":true}]}}